{"id":7794,"date":"2026-01-12T12:09:13","date_gmt":"2026-01-12T11:09:13","guid":{"rendered":"https:\/\/www.rubberex.es\/?post_type=product&#038;p=7794"},"modified":"2026-01-12T12:50:53","modified_gmt":"2026-01-12T11:50:53","slug":"gant-a-usage-unique-nitrile-g-touch-long-cuff-bleu-fonce","status":"publish","type":"product","link":"https:\/\/www.rubberex.es\/fr\/produit\/gant-a-usage-unique-nitrile-g-touch-long-cuff-bleu-fonce\/","title":{"rendered":"Gant \u00e0 usage unique Nitrile G.Touch LONG CUFF Bleu Fonc\u00e9 7.0 Gr"},"content":{"rendered":"<div class=\"wpb-content-wrapper\"><p>[vc_row][vc_column]<div class=\"desc-producto \">\n\t\t\t\t<div class=\"desc-producto--intro\">Gant \u00e0 usage unique en nitrile. Ambidextres. Non st\u00e9riles. Sans latex, r\u00e9duction du risque allergique. Souple, adaptabilit\u00e9 parfaite. Environnements humides. Bonne pr\u00e9hension. Extra \u00e9paisseur. <\/div>\n\t\t\t\t<ul class=\"desc-producto--actividad\"><li><img decoding=\"async\" title=\"Sant\u00e9\" src=\"https:\/\/www.rubberex.es\/wp-content\/themes\/rubberex-child\/images\/iconos\/actividades\/icono-sanidad.png\"\/><\/li><li><img decoding=\"async\" title=\"Laboratoire\" src=\"https:\/\/www.rubberex.es\/wp-content\/themes\/rubberex-child\/images\/iconos\/actividades\/icono-laboratorio.png\"\/><\/li><li><img decoding=\"async\" title=\"Hygi\u00e8ne\" src=\"https:\/\/www.rubberex.es\/wp-content\/themes\/rubberex-child\/images\/iconos\/actividades\/icono-higiene.png\"\/><\/li><li><img decoding=\"async\" title=\"Nettoyage\" src=\"https:\/\/www.rubberex.es\/wp-content\/themes\/rubberex-child\/images\/iconos\/actividades\/icono-limpieza.png\"\/><\/li><li><img decoding=\"async\" title=\"Alimentation\" src=\"https:\/\/www.rubberex.es\/wp-content\/themes\/rubberex-child\/images\/iconos\/actividades\/icono-alimentacion.png\"\/><\/li><li><img decoding=\"async\" title=\"Horeca\" src=\"https:\/\/www.rubberex.es\/wp-content\/themes\/rubberex-child\/images\/iconos\/actividades\/icono-horeca.png\"\/><\/li><li><img decoding=\"async\" title=\"Industrie\" src=\"https:\/\/www.rubberex.es\/wp-content\/themes\/rubberex-child\/images\/iconos\/actividades\/icono-industria.png\"\/><\/li><li><img decoding=\"async\" title=\"Automobile\" src=\"https:\/\/www.rubberex.es\/wp-content\/themes\/rubberex-child\/images\/iconos\/actividades\/icono-automocion.png\"\/><\/li><li><img decoding=\"async\" title=\"Bricolage\" src=\"https:\/\/www.rubberex.es\/wp-content\/themes\/rubberex-child\/images\/iconos\/actividades\/icono-bricolaje.png\"\/><\/li><\/ul>\n\t\t\t\t<div class=\"desc-producto--content\"><\/p>\n<ul>\n<li><strong>Int\u00e9rieur :<\/strong> Non poudr\u00e9<\/li>\n<li><strong>Finition :<\/strong> Textur\u00e9 au bout des doigts<\/li>\n<li><strong>Finition :<\/strong> Manchette \u00e0 rebord. Longueur sp\u00e9ciale, protection de l&rsquo;avant-bras<\/li>\n<li><strong>Tailles :<\/strong> S \u2013 M \u2013 L \u2013 XL<\/li>\n<li><strong>Format :<\/strong> 100 unit\u00e9s<\/li>\n<\/ul>\n<p><\/div><\/div>[vc_tta_accordion color=\u00a0\u00bbsky\u00a0\u00bb c_icon=\u00a0\u00bbtriangle\u00a0\u00bb active_section=\u00a0\u00bb0&Prime; no_fill=\u00a0\u00bbtrue\u00a0\u00bb collapsible_all=\u00a0\u00bbtrue\u00a0\u00bb][vc_tta_section i_icon_fontawesome=\u00a0\u00bbfa fa-file-text-o\u00a0\u00bb add_icon=\u00a0\u00bbtrue\u00a0\u00bb title=\u00a0\u00bbDOCUMENTATION \u00c0 T\u00c9L\u00c9CHARGER\u00a0\u00bb tab_id=\u00a0\u00bb1540458601514-9e77292c-b701&Prime;][vc_column_text css=\u00a0\u00bb\u00a0\u00bb]<\/p>\n<ul>\n<li><a href=\"https:\/\/www.rubberex.es\/wp-content\/uploads\/2026\/01\/GENTLE-TOUCH-LONG-CUFF-7.0-FR.pdf\">T\u00e9l\u00e9charger la Fiche Technique<\/a><\/li>\n<\/ul>\n<p>[\/vc_column_text][\/vc_tta_section][\/vc_tta_accordion][\/vc_column][\/vc_row]<\/p>\n<\/div>","protected":false},"excerpt":{"rendered":"<p>[vc_row][vc_column][vc_tta_accordion color=\u00a0\u00bbsky\u00a0\u00bb c_icon=\u00a0\u00bbtriangle\u00a0\u00bb active_section=\u00a0\u00bb0&Prime; no_fill=\u00a0\u00bbtrue\u00a0\u00bb collapsible_all=\u00a0\u00bbtrue\u00a0\u00bb][vc_tta_section i_icon_fontawesome=\u00a0\u00bbfa fa-file-text-o\u00a0\u00bb add_icon=\u00a0\u00bbtrue\u00a0\u00bb title=\u00a0\u00bbDOCUMENTATION \u00c0 T\u00c9L\u00c9CHARGER\u00a0\u00bb tab_id=\u00a0\u00bb1540458601514-9e77292c-b701&Prime;][vc_column_text css=\u00a0\u00bb\u00a0\u00bb] T\u00e9l\u00e9charger la Fiche Technique [\/vc_column_text][\/vc_tta_section][\/vc_tta_accordion][\/vc_column][\/vc_row]<\/p>\n","protected":false},"featured_media":7811,"comment_status":"closed","ping_status":"closed","template":"","meta":[],"product_brand":[],"product_cat":[127],"product_tag":[151,152,153,157,156,158,160,161,164],"class_list":{"0":"post-7794","1":"product","2":"type-product","3":"status-publish","4":"has-post-thumbnail","6":"product_cat-gants-nitrile","7":"product_tag-alimentation","8":"product_tag-automobile","9":"product_tag-bricolage","10":"product_tag-horeca-fr","11":"product_tag-hygiene-fr","12":"product_tag-industrie","13":"product_tag-laboratoire","14":"product_tag-nettoyage","15":"product_tag-sante","17":"first","18":"instock","19":"taxable","20":"shipping-taxable","21":"purchasable","22":"product-type-variable"},"group_of_quantity":0,"min_quantity":0,"max_quantity":"","exclude_order_quantity_value_rules":"no","exclude_category_quantity_rules":"no","combine_variations":"no","_links":{"self":[{"href":"https:\/\/www.rubberex.es\/fr\/wp-json\/wp\/v2\/product\/7794","targetHints":{"allow":["GET"]}}],"collection":[{"href":"https:\/\/www.rubberex.es\/fr\/wp-json\/wp\/v2\/product"}],"about":[{"href":"https:\/\/www.rubberex.es\/fr\/wp-json\/wp\/v2\/types\/product"}],"replies":[{"embeddable":true,"href":"https:\/\/www.rubberex.es\/fr\/wp-json\/wp\/v2\/comments?post=7794"}],"wp:featuredmedia":[{"embeddable":true,"href":"https:\/\/www.rubberex.es\/fr\/wp-json\/wp\/v2\/media\/7811"}],"wp:attachment":[{"href":"https:\/\/www.rubberex.es\/fr\/wp-json\/wp\/v2\/media?parent=7794"}],"wp:term":[{"taxonomy":"product_brand","embeddable":true,"href":"https:\/\/www.rubberex.es\/fr\/wp-json\/wp\/v2\/product_brand?post=7794"},{"taxonomy":"product_cat","embeddable":true,"href":"https:\/\/www.rubberex.es\/fr\/wp-json\/wp\/v2\/product_cat?post=7794"},{"taxonomy":"product_tag","embeddable":true,"href":"https:\/\/www.rubberex.es\/fr\/wp-json\/wp\/v2\/product_tag?post=7794"}],"curies":[{"name":"wp","href":"https:\/\/api.w.org\/{rel}","templated":true}]}}