{"id":3553,"date":"2017-06-28T17:28:53","date_gmt":"2017-06-28T15:28:53","guid":{"rendered":"https:\/\/www.rubberex.es\/?post_type=product&#038;p=3553\/"},"modified":"2025-11-24T13:41:34","modified_gmt":"2025-11-24T12:41:34","slug":"gants-domestiques-satines-premium-bleu","status":"publish","type":"product","link":"https:\/\/www.rubberex.es\/fr\/produit\/gants-domestiques-satines-premium-bleu\/","title":{"rendered":"SLB1 Gants domestiques satin\u00e9s Premium bleu"},"content":{"rendered":"<div class=\"wpb-content-wrapper\"><p>[vc_row][vc_column]<div class=\"desc-producto \">\n\t\t\t\t<div class=\"desc-producto--intro\">Gants r\u00e9utilisables en latex. Satin\u00e9s. Contient du latex, non aptes pour les personnes allergiques au latex. Renforc\u00e9s. Finition chlor\u00e9e pour une meilleure durabilit\u00e9. Haute r\u00e9sistance. Mod\u00e8le : Superior Grip.<\/div>\n\t\t\t\t<ul class=\"desc-producto--actividad\"><li><img decoding=\"async\" title=\"Hygi\u00e8ne\" src=\"https:\/\/www.rubberex.es\/wp-content\/themes\/rubberex-child\/images\/iconos\/actividades\/icono-higiene.png\"\/><\/li><li><img decoding=\"async\" title=\"Nettoyage\" src=\"https:\/\/www.rubberex.es\/wp-content\/themes\/rubberex-child\/images\/iconos\/actividades\/icono-limpieza.png\"\/><\/li><li><img decoding=\"async\" title=\"Horeca\" src=\"https:\/\/www.rubberex.es\/wp-content\/themes\/rubberex-child\/images\/iconos\/actividades\/icono-horeca.png\"\/><\/li><\/ul>\n\t\t\t\t<div class=\"desc-producto--content\"><\/p>\n<ul>\n<li><strong>Mat\u00e9riau :<\/strong> Latex<\/li>\n<li><strong>Int\u00e9rieur :<\/strong> Satin\u00e9<\/li>\n<li><strong>Tailles :<\/strong> S \u2013 M \u2013 L \u2013 XL \u2013 XXL<\/li>\n<li><strong>Format :<\/strong> 1 paire en sachet<\/li>\n<\/ul>\n<p><\/div><\/div>[vc_tta_accordion color=\u00a0\u00bbsky\u00a0\u00bb c_icon=\u00a0\u00bbtriangle\u00a0\u00bb active_section=\u00a0\u00bb0&Prime; no_fill=\u00a0\u00bbtrue\u00a0\u00bb collapsible_all=\u00a0\u00bbtrue\u00a0\u00bb][vc_tta_section i_icon_fontawesome=\u00a0\u00bbfa fa-file-text-o\u00a0\u00bb add_icon=\u00a0\u00bbtrue\u00a0\u00bb title=\u00a0\u00bbDOCUMENTATION \u00c0 T\u00c9L\u00c9CHARGER\u00a0\u00bb tab_id=\u00a0\u00bb1540458601514-9e77292c-b701&Prime;][vc_column_text css=\u00a0\u00bb\u00a0\u00bb]<\/p>\n<ul>\n<li><a href=\"https:\/\/www.rubberex.es\/wp-content\/uploads\/2025\/11\/SL1-FR-2025.pdf\" target=\"_blank\" rel=\"noopener\">T\u00e9l\u00e9charger la Fiche Technique<\/a><\/li>\n<\/ul>\n<p>[\/vc_column_text][vc_column_text css=\u00a0\u00bb\u00a0\u00bb]<\/p>\n<ul>\n<li><a href=\"https:\/\/www.rubberex.es\/wp-content\/uploads\/2025\/10\/Declaration-of-Conformity-SL-2025.pdf\" target=\"_blank\" rel=\"noopener\">T\u00e9l\u00e9charger Declaration of Conformity<\/a><\/li>\n<\/ul>\n<p>[\/vc_column_text][\/vc_tta_section][\/vc_tta_accordion][\/vc_column][\/vc_row]<\/p>\n<\/div>","protected":false},"excerpt":{"rendered":"<p>[vc_row][vc_column][vc_tta_accordion color=\u00a0\u00bbsky\u00a0\u00bb c_icon=\u00a0\u00bbtriangle\u00a0\u00bb active_section=\u00a0\u00bb0&Prime; no_fill=\u00a0\u00bbtrue\u00a0\u00bb collapsible_all=\u00a0\u00bbtrue\u00a0\u00bb][vc_tta_section i_icon_fontawesome=\u00a0\u00bbfa fa-file-text-o\u00a0\u00bb add_icon=\u00a0\u00bbtrue\u00a0\u00bb title=\u00a0\u00bbDOCUMENTATION \u00c0 T\u00c9L\u00c9CHARGER\u00a0\u00bb tab_id=\u00a0\u00bb1540458601514-9e77292c-b701&Prime;][vc_column_text css=\u00a0\u00bb\u00a0\u00bb] T\u00e9l\u00e9charger la Fiche Technique [\/vc_column_text][vc_column_text css=\u00a0\u00bb\u00a0\u00bb]<\/p>\n","protected":false},"featured_media":5634,"comment_status":"closed","ping_status":"closed","template":"","meta":[],"product_brand":[],"product_cat":[130],"product_tag":[154,157,156,161],"class_list":{"0":"post-3553","1":"product","2":"type-product","3":"status-publish","4":"has-post-thumbnail","6":"product_cat-gants-domestiques","7":"product_tag-domestiques","8":"product_tag-horeca-fr","9":"product_tag-hygiene-fr","10":"product_tag-nettoyage","12":"first","13":"instock","14":"taxable","15":"shipping-taxable","16":"purchasable","17":"product-type-variable"},"group_of_quantity":0,"min_quantity":0,"max_quantity":"","exclude_order_quantity_value_rules":"no","exclude_category_quantity_rules":"no","combine_variations":"no","_links":{"self":[{"href":"https:\/\/www.rubberex.es\/fr\/wp-json\/wp\/v2\/product\/3553","targetHints":{"allow":["GET"]}}],"collection":[{"href":"https:\/\/www.rubberex.es\/fr\/wp-json\/wp\/v2\/product"}],"about":[{"href":"https:\/\/www.rubberex.es\/fr\/wp-json\/wp\/v2\/types\/product"}],"replies":[{"embeddable":true,"href":"https:\/\/www.rubberex.es\/fr\/wp-json\/wp\/v2\/comments?post=3553"}],"wp:featuredmedia":[{"embeddable":true,"href":"https:\/\/www.rubberex.es\/fr\/wp-json\/wp\/v2\/media\/5634"}],"wp:attachment":[{"href":"https:\/\/www.rubberex.es\/fr\/wp-json\/wp\/v2\/media?parent=3553"}],"wp:term":[{"taxonomy":"product_brand","embeddable":true,"href":"https:\/\/www.rubberex.es\/fr\/wp-json\/wp\/v2\/product_brand?post=3553"},{"taxonomy":"product_cat","embeddable":true,"href":"https:\/\/www.rubberex.es\/fr\/wp-json\/wp\/v2\/product_cat?post=3553"},{"taxonomy":"product_tag","embeddable":true,"href":"https:\/\/www.rubberex.es\/fr\/wp-json\/wp\/v2\/product_tag?post=3553"}],"curies":[{"name":"wp","href":"https:\/\/api.w.org\/{rel}","templated":true}]}}