{"id":3251,"date":"2018-03-26T12:49:45","date_gmt":"2018-03-26T10:49:45","guid":{"rendered":"https:\/\/www.rubberex.es\/?page_id=3251\/"},"modified":"2021-06-01T10:29:12","modified_gmt":"2021-06-01T08:29:12","slug":"groupe","status":"publish","type":"page","link":"https:\/\/www.rubberex.es\/fr\/groupe\/","title":{"rendered":"GROUPE"},"content":{"rendered":"<div class=\"wpb-content-wrapper\"><p>[vc_row el_class=\u00a0\u00bbmargin-bottom-1x\u00a0\u00bb][vc_column][vc_single_image image=\u00a0\u00bb3263&Prime; img_size=\u00a0\u00bbfull\u00a0\u00bb alignment=\u00a0\u00bbcenter\u00a0\u00bb][\/vc_column][\/vc_row][vc_row el_class=\u00a0\u00bbmargin-bottom-3x\u00a0\u00bb][vc_column width=\u00a0\u00bb1\/2&Prime;]<div class=\"title-wrapper margin-bottom-1x estilo-1\">\n\t\t\t\t<h2  class=\"title-title\">NOTRE GROUPE<\/h2 ><div class=\"title-subtitle\">D\u00e9couvrez-nous<\/div><\/div>[vc_column_text el_class=\u00a0\u00bbfont-bold margin-bottom-2x\u00a0\u00bb]<\/p>\n<ul>\n<li>Le sp\u00e9cialiste du gant. Nous fabriquons nos propres produits depuis 1986. Une exp\u00e9rience de plus de 30 ans\u00a0!<\/li>\n<li>Notre entreprise est engag\u00e9e dans la d\u00e9fense de l&rsquo;environnement et la fabrication se fait dans le respect de ce principe.<\/li>\n<li>Nous collaborons avec les principaux laboratoires homologu\u00e9s \u00e0 niveau mondial.<\/li>\n<li>Nous nous centrons sur le d\u00e9veloppement et la protection de vos mains, garantissant un \u00e9quilibre parfait entre s\u00e9curit\u00e9 et commodit\u00e9.<\/li>\n<\/ul>\n<p>[\/vc_column_text][\/vc_column][vc_column width=\u00a0\u00bb1\/2&Prime;]<div class=\"title-wrapper margin-bottom-1x estilo-1\">\n\t\t\t\t<h2  class=\"title-title\">ENTREPRISES DU GROUPE<\/h2 ><div class=\"title-subtitle\">Faites-nous confiance<\/div><\/div>[vc_column_text el_class=\u00a0\u00bbfont-bold margin-bottom-0 list-sm\u00a0\u00bb]<\/p>\n<ul>\n<li>RUBBEREX CORPORATION (M) BHD<\/li>\n<li>RUBBEREX (M) SDN. BERHARD<\/li>\n<li>RUBBEREX MARKETING (M) SDN. BHD<\/li>\n<li>RUBBEREX ALLIANCE SDN. BHD<\/li>\n<li>LISFESTYLE SAFETY PRODUCT (HUIZHOU) CO. LTD<\/li>\n<li>RUBBEREX SPAIN S.L.U.<\/li>\n<\/ul>\n<p>[\/vc_column_text][\/vc_column][\/vc_row][vc_row][vc_column][vc_single_image image=\u00a0\u00bb3261&Prime; img_size=\u00a0\u00bbfull\u00a0\u00bb alignment=\u00a0\u00bbcenter\u00a0\u00bb][\/vc_column][\/vc_row][vc_row full_width=\u00a0\u00bbstretch_row\u00a0\u00bb el_class=\u00a0\u00bbbg-gris row-5-images padding-bottom-1x padding-top-2x margin-bottom-3x\u00a0\u00bb][vc_column]<div class=\"title-wrapper margin-bottom-3x estilo-1\">\n\t\t\t\t<h2  class=\"title-title\">PRINCIPAUX FLUX DE DISTRIBUTION<\/h2 ><\/div>[vc_single_image image=\u00a0\u00bb3307&Prime; img_size=\u00a0\u00bbfull\u00a0\u00bb alignment=\u00a0\u00bbcenter\u00a0\u00bb][vc_single_image image=\u00a0\u00bb3310&Prime; img_size=\u00a0\u00bbfull\u00a0\u00bb alignment=\u00a0\u00bbcenter\u00a0\u00bb][vc_single_image image=\u00a0\u00bb3314&Prime; img_size=\u00a0\u00bbfull\u00a0\u00bb alignment=\u00a0\u00bbcenter\u00a0\u00bb][vc_single_image image=\u00a0\u00bb3317&Prime; img_size=\u00a0\u00bbfull\u00a0\u00bb alignment=\u00a0\u00bbcenter\u00a0\u00bb][vc_single_image image=\u00a0\u00bb3320&Prime; img_size=\u00a0\u00bbfull\u00a0\u00bb alignment=\u00a0\u00bbcenter\u00a0\u00bb][\/vc_column][\/vc_row][vc_row el_class=\u00a0\u00bbmargin-bottom-2x\u00a0\u00bb][vc_column]<div class=\"title-wrapper margin-bottom-3x estilo-1\">\n\t\t\t\t<h2  class=\"title-title\">NOTRE CANAL DE DISTRIBUTION<\/h2 ><\/div>[vc_single_image image=\u00a0\u00bb3324&Prime; img_size=\u00a0\u00bbfull\u00a0\u00bb alignment=\u00a0\u00bbcenter\u00a0\u00bb][\/vc_column][\/vc_row][vc_row full_width=\u00a0\u00bbstretch_row\u00a0\u00bb el_class=\u00a0\u00bbbg-naranja c2a-tipo-guantes margin-bottom-2x\u00a0\u00bb][vc_column]<div class=\"c2a-wrapper \">\n\t\t\t\t<div class=\"c2a-title font-xl\">Nous avons les gants qu'il vous faut,<\/div>\n\t\t\t\t<div clas=\"c2a-icons\"><div class=\"templatera_shortcode\"><div class=\"vc_row wpb_row vc_row-fluid\"><div class=\"wpb_column vc_column_container vc_col-sm-2 vc_col-xs-6\"><div class=\"vc_column-inner\"><div class=\"wpb_wrapper\"><div class=\"icon-text--wrapper \">\n\t\t\t\t<div class=\"icon-text--image\">\n\t\t\t\t\t<img decoding=\"async\" src=\"https:\/\/www.rubberex.es\/wp-content\/uploads\/2017\/01\/icono-sanidad-1.png\" \/>\n\t\t\t\t<\/div>\n\t\t\t\t<div class=\"icon-text--title\">\t\t\n\t\t\t\t\tSant\u00e9\n\t\t\t\t<\/div>\n\t\t\t<\/div><\/div><\/div><\/div><div class=\"wpb_column vc_column_container vc_col-sm-2 vc_col-xs-6\"><div class=\"vc_column-inner\"><div class=\"wpb_wrapper\"><div class=\"icon-text--wrapper \">\n\t\t\t\t<div class=\"icon-text--image\">\n\t\t\t\t\t<img decoding=\"async\" src=\"https:\/\/www.rubberex.es\/wp-content\/uploads\/2017\/01\/icono-odontologia-1.png\" \/>\n\t\t\t\t<\/div>\n\t\t\t\t<div class=\"icon-text--title\">\t\t\n\t\t\t\t\tOdontologie\n\t\t\t\t<\/div>\n\t\t\t<\/div><\/div><\/div><\/div><div class=\"wpb_column vc_column_container vc_col-sm-2 vc_col-xs-6\"><div class=\"vc_column-inner\"><div class=\"wpb_wrapper\"><div class=\"icon-text--wrapper \">\n\t\t\t\t<div class=\"icon-text--image\">\n\t\t\t\t\t<img decoding=\"async\" src=\"https:\/\/www.rubberex.es\/wp-content\/uploads\/2017\/01\/icono-geriatria-1.png\" \/>\n\t\t\t\t<\/div>\n\t\t\t\t<div class=\"icon-text--title\">\t\t\n\t\t\t\t\tG\u00e9riatrie\n\t\t\t\t<\/div>\n\t\t\t<\/div><\/div><\/div><\/div><div class=\"wpb_column vc_column_container vc_col-sm-2 vc_col-xs-6\"><div class=\"vc_column-inner\"><div class=\"wpb_wrapper\"><div class=\"icon-text--wrapper \">\n\t\t\t\t<div class=\"icon-text--image\">\n\t\t\t\t\t<img decoding=\"async\" src=\"https:\/\/www.rubberex.es\/wp-content\/uploads\/2017\/01\/icono-laboratorio-1.png\" \/>\n\t\t\t\t<\/div>\n\t\t\t\t<div class=\"icon-text--title\">\t\t\n\t\t\t\t\tLaboratoire\n\t\t\t\t<\/div>\n\t\t\t<\/div><\/div><\/div><\/div><div class=\"wpb_column vc_column_container vc_col-sm-2 vc_col-xs-6\"><div class=\"vc_column-inner\"><div class=\"wpb_wrapper\"><div class=\"icon-text--wrapper \">\n\t\t\t\t<div class=\"icon-text--image\">\n\t\t\t\t\t<img decoding=\"async\" src=\"https:\/\/www.rubberex.es\/wp-content\/uploads\/2017\/01\/icono-higiene-1.png\" \/>\n\t\t\t\t<\/div>\n\t\t\t\t<div class=\"icon-text--title\">\t\t\n\t\t\t\t\tHygi\u00e8ne\n\t\t\t\t<\/div>\n\t\t\t<\/div><\/div><\/div><\/div><div class=\"wpb_column vc_column_container vc_col-sm-2 vc_col-xs-6\"><div class=\"vc_column-inner\"><div class=\"wpb_wrapper\"><div class=\"icon-text--wrapper \">\n\t\t\t\t<div class=\"icon-text--image\">\n\t\t\t\t\t<img decoding=\"async\" src=\"https:\/\/www.rubberex.es\/wp-content\/uploads\/2017\/01\/icono-limpieza-1.png\" \/>\n\t\t\t\t<\/div>\n\t\t\t\t<div class=\"icon-text--title\">\t\t\n\t\t\t\t\tNettoyage\n\t\t\t\t<\/div>\n\t\t\t<\/div><\/div><\/div><\/div><\/div><div class=\"vc_row wpb_row vc_row-fluid\"><div class=\"wpb_column vc_column_container vc_col-sm-2 vc_col-xs-6\"><div class=\"vc_column-inner\"><div class=\"wpb_wrapper\"><div class=\"icon-text--wrapper \">\n\t\t\t\t<div class=\"icon-text--image\">\n\t\t\t\t\t<img decoding=\"async\" src=\"https:\/\/www.rubberex.es\/wp-content\/uploads\/2017\/01\/icono-alimentacion-1.png\" \/>\n\t\t\t\t<\/div>\n\t\t\t\t<div class=\"icon-text--title\">\t\t\n\t\t\t\t\tAlimentation\n\t\t\t\t<\/div>\n\t\t\t<\/div><\/div><\/div><\/div><div class=\"wpb_column vc_column_container vc_col-sm-2 vc_col-xs-6\"><div class=\"vc_column-inner\"><div class=\"wpb_wrapper\"><div class=\"icon-text--wrapper \">\n\t\t\t\t<div class=\"icon-text--image\">\n\t\t\t\t\t<img decoding=\"async\" src=\"https:\/\/www.rubberex.es\/wp-content\/uploads\/2017\/01\/icono-horeca-1.png\" \/>\n\t\t\t\t<\/div>\n\t\t\t\t<div class=\"icon-text--title\">\t\t\n\t\t\t\t\tHoreca\n\t\t\t\t<\/div>\n\t\t\t<\/div><\/div><\/div><\/div><div class=\"wpb_column vc_column_container vc_col-sm-2 vc_col-xs-6\"><div class=\"vc_column-inner\"><div class=\"wpb_wrapper\"><div class=\"icon-text--wrapper \">\n\t\t\t\t<div class=\"icon-text--image\">\n\t\t\t\t\t<img decoding=\"async\" src=\"https:\/\/www.rubberex.es\/wp-content\/uploads\/2017\/01\/icono-peluqueria-1.png\" \/>\n\t\t\t\t<\/div>\n\t\t\t\t<div class=\"icon-text--title\">\t\t\n\t\t\t\t\tCoiffure\n\t\t\t\t<\/div>\n\t\t\t<\/div><\/div><\/div><\/div><div class=\"wpb_column vc_column_container vc_col-sm-2 vc_col-xs-6\"><div class=\"vc_column-inner\"><div class=\"wpb_wrapper\"><div class=\"icon-text--wrapper \">\n\t\t\t\t<div class=\"icon-text--image\">\n\t\t\t\t\t<img decoding=\"async\" src=\"https:\/\/www.rubberex.es\/wp-content\/uploads\/2017\/01\/icono-industria-1.png\" \/>\n\t\t\t\t<\/div>\n\t\t\t\t<div class=\"icon-text--title\">\t\t\n\t\t\t\t\tIndustrie\n\t\t\t\t<\/div>\n\t\t\t<\/div><\/div><\/div><\/div><div class=\"wpb_column vc_column_container vc_col-sm-2 vc_col-xs-6\"><div class=\"vc_column-inner\"><div class=\"wpb_wrapper\"><div class=\"icon-text--wrapper \">\n\t\t\t\t<div class=\"icon-text--image\">\n\t\t\t\t\t<img decoding=\"async\" src=\"https:\/\/www.rubberex.es\/wp-content\/uploads\/2017\/01\/icono-automocion-1.png\" \/>\n\t\t\t\t<\/div>\n\t\t\t\t<div class=\"icon-text--title\">\t\t\n\t\t\t\t\tAutomobile\n\t\t\t\t<\/div>\n\t\t\t<\/div><\/div><\/div><\/div><div class=\"wpb_column vc_column_container vc_col-sm-2 vc_col-xs-6\"><div class=\"vc_column-inner\"><div class=\"wpb_wrapper\"><div class=\"icon-text--wrapper \">\n\t\t\t\t<div class=\"icon-text--image\">\n\t\t\t\t\t<img decoding=\"async\" src=\"https:\/\/www.rubberex.es\/wp-content\/uploads\/2017\/01\/icono-bricolaje-1.png\" \/>\n\t\t\t\t<\/div>\n\t\t\t\t<div class=\"icon-text--title\">\t\t\n\t\t\t\t\tBricolage\n\t\t\t\t<\/div>\n\t\t\t<\/div><\/div><\/div><\/div><\/div><\/div><\/div>\n\t\t\t\t<div class=\"c2a-subtitle\">quelle que soit votre activit\u00e9 !<\/div><div class=\"c2a-boton\">\n\t\t\t\t\t<a class=\"boton  \" href=\"https:\/\/www.rubberex.es\/fr\/comment-choisir-ses-gants\/\" target=\"\">COMMENT CHOISIR VOS GANTS ?<\/a>\n\t\t\t\t<\/div><\/div>[\/vc_column][\/vc_row]<\/p>\n<\/div>","protected":false},"excerpt":{"rendered":"NOTRE GROUPED\u00e9couvrez-nous Le sp\u00e9cialiste du gant. Nous fabriquons nos propres produits depuis 1986. Une exp\u00e9rience de plus de 30 ans\u00a0!","protected":false},"author":2,"featured_media":0,"parent":0,"menu_order":0,"comment_status":"closed","ping_status":"closed","template":"","meta":{"footnotes":""},"class_list":["post-3251","page","type-page","status-publish","hentry"],"_links":{"self":[{"href":"https:\/\/www.rubberex.es\/fr\/wp-json\/wp\/v2\/pages\/3251","targetHints":{"allow":["GET"]}}],"collection":[{"href":"https:\/\/www.rubberex.es\/fr\/wp-json\/wp\/v2\/pages"}],"about":[{"href":"https:\/\/www.rubberex.es\/fr\/wp-json\/wp\/v2\/types\/page"}],"author":[{"embeddable":true,"href":"https:\/\/www.rubberex.es\/fr\/wp-json\/wp\/v2\/users\/2"}],"replies":[{"embeddable":true,"href":"https:\/\/www.rubberex.es\/fr\/wp-json\/wp\/v2\/comments?post=3251"}],"version-history":[{"count":0,"href":"https:\/\/www.rubberex.es\/fr\/wp-json\/wp\/v2\/pages\/3251\/revisions"}],"wp:attachment":[{"href":"https:\/\/www.rubberex.es\/fr\/wp-json\/wp\/v2\/media?parent=3251"}],"curies":[{"name":"wp","href":"https:\/\/api.w.org\/{rel}","templated":true}]}}